{"id":506,"date":"2019-07-26T09:14:22","date_gmt":"2019-07-26T09:14:22","guid":{"rendered":"https:\/\/madridsindical.es\/archivo\/?page_id=506"},"modified":"2020-06-11T23:20:32","modified_gmt":"2020-06-11T23:20:32","slug":"quienes-somos","status":"publish","type":"page","link":"https:\/\/madridsindical.es\/archivo\/quienes-somos\/","title":{"rendered":"Qui\u00e9nes somos y contacto"},"content":{"rendered":"<p>La revista Madrid Sindical <strong>estrena web<\/strong>. El nuevo formato de la emblem\u00e1tica cabecera y se\u00f1a de identidad de <a href=\"http:\/\/www.ccoomadrid.es\" target=\"_blank\" rel=\"noopener noreferrer\"><strong>CCOO de Madrid<\/strong><\/a>, que se edita <strong>desde 1997<\/strong>, convivir\u00e1 con la edici\u00f3n tradicional en papel. Este espacio nace con la intenci\u00f3n de <strong>complementar y ampliar<\/strong> los contenidos de nuestra cabecera.<\/p>\n<p>Desde el <strong>rigor, la independencia y la calidad de la informaci\u00f3n,<\/strong> el equipo de <strong>Madrid Sindical<\/strong> se propone convertir la publicaci\u00f3n en un <strong>espacio de debate y reflexi\u00f3n<\/strong> desde el que fomentar el encuentro entre el <strong>mundo laboral, cultural y acad\u00e9mico<\/strong> sobre los temas y retos m\u00e1s actuales a los que se enfrenta la sociedad.<\/p>\n<p>Puedes contactar con nosotros en el correo <strong>madridsindical@usmr.ccoo.es<\/strong>, o a trav\u00e9s de nuestras redes sociales en <strong><a href=\"https:\/\/twitter.com\/MadridSindical\">Twitter<\/a><\/strong> o <a href=\"https:\/\/www.facebook.com\/madrid.sindical\"><strong>Facebook<\/strong><\/a><\/p>\n","protected":false},"excerpt":{"rendered":"<p>La revista Madrid Sindical estrena web. El nuevo formato de la emblem\u00e1tica cabecera y se\u00f1a de identidad de CCOO de Madrid, que se edita desde 1997, convivir\u00e1 con la edici\u00f3n tradicional en papel. Este espacio nace con la intenci\u00f3n de complementar y ampliar los contenidos de nuestra cabecera. Desde el rigor, la independencia y la calidad de la informaci\u00f3n, el equipo de Madrid Sindical se propone convertir la publicaci\u00f3n en un espacio de debate y<span class=\"more-link\"><a href=\"https:\/\/madridsindical.es\/archivo\/quienes-somos\/\">Contin\u00faa leyendo<\/a><\/span><\/p>\n","protected":false},"author":1,"featured_media":0,"parent":0,"menu_order":0,"comment_status":"closed","ping_status":"closed","template":"","meta":{"footnotes":""},"class_list":["entry","author-madridsindical","post-506","page","type-page","status-publish"],"aioseo_notices":[],"_links":{"self":[{"href":"https:\/\/madridsindical.es\/archivo\/wp-json\/wp\/v2\/pages\/506","targetHints":{"allow":["GET"]}}],"collection":[{"href":"https:\/\/madridsindical.es\/archivo\/wp-json\/wp\/v2\/pages"}],"about":[{"href":"https:\/\/madridsindical.es\/archivo\/wp-json\/wp\/v2\/types\/page"}],"author":[{"embeddable":true,"href":"https:\/\/madridsindical.es\/archivo\/wp-json\/wp\/v2\/users\/1"}],"replies":[{"embeddable":true,"href":"https:\/\/madridsindical.es\/archivo\/wp-json\/wp\/v2\/comments?post=506"}],"version-history":[{"count":4,"href":"https:\/\/madridsindical.es\/archivo\/wp-json\/wp\/v2\/pages\/506\/revisions"}],"predecessor-version":[{"id":1675,"href":"https:\/\/madridsindical.es\/archivo\/wp-json\/wp\/v2\/pages\/506\/revisions\/1675"}],"wp:attachment":[{"href":"https:\/\/madridsindical.es\/archivo\/wp-json\/wp\/v2\/media?parent=506"}],"curies":[{"name":"wp","href":"https:\/\/api.w.org\/{rel}","templated":true}]}}